{"id":68,"date":"2021-02-24T14:17:11","date_gmt":"2021-02-24T13:17:11","guid":{"rendered":"http:\/\/monnaie-sans-dette.com\/?page_id=68"},"modified":"2021-03-20T11:51:46","modified_gmt":"2021-03-20T10:51:46","slug":"jury-de-la-these","status":"publish","type":"page","link":"https:\/\/monnaie-sans-dette.com\/index.php\/jury-de-la-these\/","title":{"rendered":"Jury de la th\u00e8se"},"content":{"rendered":"<h2>Pr\u00e9sident du Jury<\/h2>\n<p><img loading=\"lazy\" src=\"http:\/\/monnaie-sans-dette.com\/wp-content\/uploads\/2021\/02\/Xgzxga4j_400x400-300x300.jpg\" alt=\"Ga\u00ebl Giraud\" width=\"100\" height=\"100\" \/><a href=\"https:\/\/twitter.com\/GaelGiraud_CNRS?s=20\">Ga\u00ebl GIRAUD<\/a> CNRS, Universit\u00e9 Paris 1 Panth\u00e9on Sorbonne, CES Pr\u00e9sident<\/p>\n<h2>Co-Direction<\/h2>\n<p><img loading=\"lazy\" src=\"https:\/\/monnaie-sans-dette.com\/wp-content\/uploads\/2021\/03\/jerome-lallement-150x150.jpg\" alt=\"\" width=\"100\" height=\"101\" \/>J\u00e9r\u00f4me LALLEMENT Universit\u00e9 de Paris, CES\u00a0<\/p>\n<p>\u00a0<\/p>\n<p>\u00a0<\/p>\n<p><a href=\"https:\/\/twitter.com\/OrleanAndre?s=20\">Andr\u00e9<\/a><a style=\"font-family: var( --e-global-typography-text-font-family ), Sans-serif; font-weight: var( --e-global-typography-text-font-weight ); background-color: #ffffff;\" href=\"https:\/\/twitter.com\/OrleanAndre?s=20\">\u00a0ORL\u00c9A<\/a><a style=\"font-family: var( --e-global-typography-text-font-family ), Sans-serif; font-weight: var( --e-global-typography-text-font-weight ); background-color: #ffffff;\" href=\"https:\/\/twitter.com\/OrleanAndre?s=20\">N<\/a> CNRS, EHESS<img loading=\"lazy\" src=\"https:\/\/monnaie-sans-dette.com\/wp-content\/uploads\/2021\/03\/Andre-Orlean-Andre-Orlean-Contre-le-sectarisme-en-economie-6753-e1616169944390-150x150.jpg\" alt=\"\" width=\"100\" height=\"100\" \/><\/p>\n<h2>Autres membres du jury <\/h2>\n<p><a href=\"https:\/\/twitter.com\/jcs_mbf?s=20\"><img loading=\"lazy\" src=\"http:\/\/monnaie-sans-dette.com\/wp-content\/uploads\/2021\/02\/kDUxo20g_400x400.jpg\" alt=\"\" width=\"100\" height=\"100\" \/>J\u00e9zabel COUPPEY-SOUBEYRAN<\/a> Universit\u00e9 Paris 1 Panth\u00e9on Sorbonne, CES<\/p>\n<p>\u00a0<\/p>\n<p>\u00a0<\/p>\n<p>Ludovic DESMEDT Universit\u00e9 de Bourgogne &#8211; Franche Comt\u00e9, LEDI Rapporteur <img loading=\"lazy\" src=\"https:\/\/monnaie-sans-dette.com\/wp-content\/uploads\/2021\/03\/Ludovic-Desmedt-e1616170038112-300x300.jpg\" alt=\"\" width=\"100\" height=\"100\" \/><\/p>\n<p>\u00a0<\/p>\n<p>\u00a0<\/p>\n<p><a href=\"https:\/\/twitter.com\/PonsotJF?s=20\" target=\"_blank\" rel=\"noopener\">Jean-Fran\u00e7ois PONSOT<\/a> Universit\u00e9 Grenoble Alpes, PACTE Rapporteur<img loading=\"lazy\" src=\"https:\/\/monnaie-sans-dette.com\/wp-content\/uploads\/2021\/02\/3Uwts8wf_400x400-300x300.jpg\" alt=\"Jean-Fran\u00e7ois Ponsot\" width=\"100\" height=\"100\" \/><\/p>\n","protected":false},"excerpt":{"rendered":"<p>Pr\u00e9sident du Jury Ga\u00ebl GIRAUD CNRS, Universit\u00e9 Paris 1 Panth\u00e9on Sorbonne, CES Pr\u00e9sident Co-Direction J\u00e9r\u00f4me LALLEMENT Universit\u00e9 de Paris, CES\u00a0 \u00a0 \u00a0 Andr\u00e9\u00a0ORL\u00c9AN CNRS, EHESS&hellip;<\/p>\n","protected":false},"author":1,"featured_media":0,"parent":0,"menu_order":0,"comment_status":"closed","ping_status":"closed","template":"","meta":[],"_links":{"self":[{"href":"https:\/\/monnaie-sans-dette.com\/index.php\/wp-json\/wp\/v2\/pages\/68"}],"collection":[{"href":"https:\/\/monnaie-sans-dette.com\/index.php\/wp-json\/wp\/v2\/pages"}],"about":[{"href":"https:\/\/monnaie-sans-dette.com\/index.php\/wp-json\/wp\/v2\/types\/page"}],"author":[{"embeddable":true,"href":"https:\/\/monnaie-sans-dette.com\/index.php\/wp-json\/wp\/v2\/users\/1"}],"replies":[{"embeddable":true,"href":"https:\/\/monnaie-sans-dette.com\/index.php\/wp-json\/wp\/v2\/comments?post=68"}],"version-history":[{"count":52,"href":"https:\/\/monnaie-sans-dette.com\/index.php\/wp-json\/wp\/v2\/pages\/68\/revisions"}],"predecessor-version":[{"id":518,"href":"https:\/\/monnaie-sans-dette.com\/index.php\/wp-json\/wp\/v2\/pages\/68\/revisions\/518"}],"wp:attachment":[{"href":"https:\/\/monnaie-sans-dette.com\/index.php\/wp-json\/wp\/v2\/media?parent=68"}],"curies":[{"name":"wp","href":"https:\/\/api.w.org\/{rel}","templated":true}]}}